{"id":1014,"date":"2022-05-31T09:29:04","date_gmt":"2022-05-31T07:29:04","guid":{"rendered":"https:\/\/saiatuz.eus\/usui-reiki-ryoho\/"},"modified":"2025-05-13T14:48:34","modified_gmt":"2025-05-13T12:48:34","slug":"usui-reiki-ryoho","status":"publish","type":"page","link":"https:\/\/saiatuz.eus\/es\/usui-reiki-ryoho\/","title":{"rendered":"Usui REIKI Ryoho"},"content":{"rendered":"\t\t<div data-elementor-type=\"wp-page\" data-elementor-id=\"1014\" class=\"elementor elementor-1014 elementor-218\" data-elementor-settings=\"[]\">\n\t\t\t\t\t\t\t<div class=\"elementor-section-wrap\">\n\t\t\t\t\t\t\t<section class=\"elementor-section elementor-top-section elementor-element elementor-element-28c261b elementor-section-boxed elementor-section-height-default elementor-section-height-default\" data-id=\"28c261b\" data-element_type=\"section\">\n\t\t\t\t\t\t<div class=\"elementor-container elementor-column-gap-default\">\n\t\t\t\t\t<div class=\"elementor-column elementor-col-100 elementor-top-column elementor-element elementor-element-5caf6f1\" data-id=\"5caf6f1\" data-element_type=\"column\">\n\t\t\t<div class=\"elementor-widget-wrap elementor-element-populated\">\n\t\t\t\t\t\t\t\t<div class=\"elementor-element elementor-element-1425030 elementor-nav-menu__align-justify elementor-nav-menu--dropdown-tablet elementor-nav-menu__text-align-aside elementor-nav-menu--toggle elementor-nav-menu--burger elementor-widget elementor-widget-nav-menu\" data-id=\"1425030\" data-element_type=\"widget\" data-settings=\"{&quot;layout&quot;:&quot;horizontal&quot;,&quot;submenu_icon&quot;:{&quot;value&quot;:&quot;&lt;i class=\\&quot;fas fa-caret-down\\&quot;&gt;&lt;\\\/i&gt;&quot;,&quot;library&quot;:&quot;fa-solid&quot;},&quot;toggle&quot;:&quot;burger&quot;}\" data-widget_type=\"nav-menu.default\">\n\t\t\t\t<div class=\"elementor-widget-container\">\n\t\t\t<link rel=\"stylesheet\" href=\"https:\/\/saiatuz.eus\/wp-content\/plugins\/elementor-pro\/assets\/css\/widget-nav-menu.min.css\">\t\t\t<nav migration_allowed=\"1\" migrated=\"0\" role=\"navigation\" class=\"elementor-nav-menu--main elementor-nav-menu__container elementor-nav-menu--layout-horizontal e--pointer-background e--animation-fade\">\n\t\t\t\t<ul id=\"menu-1-1425030\" class=\"elementor-nav-menu\"><li class=\"menu-item menu-item-type-post_type menu-item-object-page menu-item-1059\"><a href=\"https:\/\/saiatuz.eus\/es\/usui-reiki-ryoho\/\" class=\"elementor-item menu-link\">Usui REIKI Ryoho<\/a><\/li>\n<li class=\"menu-item menu-item-type-post_type menu-item-object-page menu-item-1060\"><a href=\"https:\/\/saiatuz.eus\/es\/crecimiento-personal\/\" class=\"elementor-item menu-link\">Crecimiento Personal<\/a><\/li>\n<li class=\"menu-item menu-item-type-post_type menu-item-object-page menu-item-1061\"><a href=\"https:\/\/saiatuz.eus\/es\/duelo-perdidas-afectivas\/\" class=\"elementor-item menu-link\">Duelo &#8211; Perdidas Afectivas<\/a><\/li>\n<li class=\"menu-item menu-item-type-post_type menu-item-object-page menu-item-1062\"><a href=\"https:\/\/saiatuz.eus\/es\/autoestima\/\" class=\"elementor-item menu-link\">Autoestima<\/a><\/li>\n<li class=\"menu-item menu-item-type-post_type menu-item-object-page menu-item-1063\"><a href=\"https:\/\/saiatuz.eus\/es\/apego\/\" class=\"elementor-item menu-link\">Apego<\/a><\/li>\n<\/ul>\t\t\t<\/nav>\n\t\t\t\t\t<div class=\"elementor-menu-toggle\" role=\"button\" tabindex=\"0\" aria-label=\"Menu Toggle\" aria-expanded=\"false\">\n\t\t\t<i aria-hidden=\"true\" role=\"presentation\" class=\"elementor-menu-toggle__icon--open eicon-menu-bar\"><\/i><i aria-hidden=\"true\" role=\"presentation\" class=\"elementor-menu-toggle__icon--close eicon-close\"><\/i>\t\t\t<span class=\"elementor-screen-only\">Menu<\/span>\n\t\t<\/div>\n\t\t\t<nav class=\"elementor-nav-menu--dropdown elementor-nav-menu__container\" role=\"navigation\" aria-hidden=\"true\">\n\t\t\t\t<ul id=\"menu-2-1425030\" class=\"elementor-nav-menu\"><li class=\"menu-item menu-item-type-post_type menu-item-object-page menu-item-1059\"><a href=\"https:\/\/saiatuz.eus\/es\/usui-reiki-ryoho\/\" class=\"elementor-item menu-link\" tabindex=\"-1\">Usui REIKI Ryoho<\/a><\/li>\n<li class=\"menu-item menu-item-type-post_type menu-item-object-page menu-item-1060\"><a href=\"https:\/\/saiatuz.eus\/es\/crecimiento-personal\/\" class=\"elementor-item menu-link\" tabindex=\"-1\">Crecimiento Personal<\/a><\/li>\n<li class=\"menu-item menu-item-type-post_type menu-item-object-page menu-item-1061\"><a href=\"https:\/\/saiatuz.eus\/es\/duelo-perdidas-afectivas\/\" class=\"elementor-item menu-link\" tabindex=\"-1\">Duelo &#8211; Perdidas Afectivas<\/a><\/li>\n<li class=\"menu-item menu-item-type-post_type menu-item-object-page menu-item-1062\"><a href=\"https:\/\/saiatuz.eus\/es\/autoestima\/\" class=\"elementor-item menu-link\" tabindex=\"-1\">Autoestima<\/a><\/li>\n<li class=\"menu-item menu-item-type-post_type menu-item-object-page menu-item-1063\"><a href=\"https:\/\/saiatuz.eus\/es\/apego\/\" class=\"elementor-item menu-link\" tabindex=\"-1\">Apego<\/a><\/li>\n<\/ul>\t\t\t<\/nav>\n\t\t\t\t<\/div>\n\t\t\t\t<\/div>\n\t\t\t\t\t<\/div>\n\t\t<\/div>\n\t\t\t\t\t\t\t<\/div>\n\t\t<\/section>\n\t\t\t\t<section class=\"elementor-section elementor-top-section elementor-element elementor-element-8543fc1 elementor-section-boxed elementor-section-height-default elementor-section-height-default\" data-id=\"8543fc1\" data-element_type=\"section\">\n\t\t\t\t\t\t<div class=\"elementor-container elementor-column-gap-default\">\n\t\t\t\t\t<div class=\"elementor-column elementor-col-100 elementor-top-column elementor-element elementor-element-9b2ba53\" data-id=\"9b2ba53\" data-element_type=\"column\">\n\t\t\t<div class=\"elementor-widget-wrap elementor-element-populated\">\n\t\t\t\t\t\t\t\t<div class=\"elementor-element elementor-element-c21bbfe elementor-widget elementor-widget-spacer\" data-id=\"c21bbfe\" data-element_type=\"widget\" data-widget_type=\"spacer.default\">\n\t\t\t\t<div class=\"elementor-widget-container\">\n\t\t\t\t\t<div class=\"elementor-spacer\">\n\t\t\t<div class=\"elementor-spacer-inner\"><\/div>\n\t\t<\/div>\n\t\t\t\t<\/div>\n\t\t\t\t<\/div>\n\t\t\t\t<div class=\"elementor-element elementor-element-508a38f elementor-widget elementor-widget-heading\" data-id=\"508a38f\" data-element_type=\"widget\" data-widget_type=\"heading.default\">\n\t\t\t\t<div class=\"elementor-widget-container\">\n\t\t\t<style>\/*! elementor - v3.5.6 - 28-02-2022 *\/\n.elementor-heading-title{padding:0;margin:0;line-height:1}.elementor-widget-heading .elementor-heading-title[class*=elementor-size-]>a{color:inherit;font-size:inherit;line-height:inherit}.elementor-widget-heading .elementor-heading-title.elementor-size-small{font-size:15px}.elementor-widget-heading .elementor-heading-title.elementor-size-medium{font-size:19px}.elementor-widget-heading .elementor-heading-title.elementor-size-large{font-size:29px}.elementor-widget-heading .elementor-heading-title.elementor-size-xl{font-size:39px}.elementor-widget-heading .elementor-heading-title.elementor-size-xxl{font-size:59px}<\/style><h1 class=\"elementor-heading-title elementor-size-xl\">Terapia Reiki con terapeuta Gestalt<\/h1>\t\t<\/div>\n\t\t\t\t<\/div>\n\t\t\t\t\t<\/div>\n\t\t<\/div>\n\t\t\t\t\t\t\t<\/div>\n\t\t<\/section>\n\t\t\t\t<section class=\"elementor-section elementor-top-section elementor-element elementor-element-7b720e1 elementor-section-boxed elementor-section-height-default elementor-section-height-default\" data-id=\"7b720e1\" data-element_type=\"section\">\n\t\t\t\t\t\t<div class=\"elementor-container elementor-column-gap-default\">\n\t\t\t\t\t<div class=\"elementor-column elementor-col-50 elementor-top-column elementor-element elementor-element-d6a41eb elementor-invisible\" data-id=\"d6a41eb\" data-element_type=\"column\" data-settings=\"{&quot;animation&quot;:&quot;fadeInLeft&quot;}\">\n\t\t\t<div class=\"elementor-widget-wrap elementor-element-populated\">\n\t\t\t\t\t\t\t\t<div class=\"elementor-element elementor-element-cf54078 elementor-widget elementor-widget-text-editor\" data-id=\"cf54078\" data-element_type=\"widget\" data-widget_type=\"text-editor.default\">\n\t\t\t\t<div class=\"elementor-widget-container\">\n\t\t\t<style>\/*! elementor - v3.5.6 - 28-02-2022 *\/\n.elementor-widget-text-editor.elementor-drop-cap-view-stacked .elementor-drop-cap{background-color:#818a91;color:#fff}.elementor-widget-text-editor.elementor-drop-cap-view-framed .elementor-drop-cap{color:#818a91;border:3px solid;background-color:transparent}.elementor-widget-text-editor:not(.elementor-drop-cap-view-default) .elementor-drop-cap{margin-top:8px}.elementor-widget-text-editor:not(.elementor-drop-cap-view-default) .elementor-drop-cap-letter{width:1em;height:1em}.elementor-widget-text-editor .elementor-drop-cap{float:left;text-align:center;line-height:1;font-size:50px}.elementor-widget-text-editor .elementor-drop-cap-letter{display:inline-block}<\/style>\t\t\t\t<p>Tratamiento m\u00e9dico no invasivo, procedente de Jap\u00f3n y por MIKAO USUI REIKI RYOHO<\/p><p>La defini\u00f3 como Energ\u00eda Universal. REI (universal) \u2013 KI (energ\u00eda)<\/p><p>De hecho, 2022 marca 100 a\u00f1os desde el desarrollo de este sistema por parte de Mikao Usui. <\/p><p>REIKI es un trabajo energ\u00e9tico realizado a trav\u00e9s del cuerpo. Para ser m\u00e1s precisos, incluye los reinos mental, f\u00edsico, emocional y espiritual. Para ello el terapeuta act\u00faa como puente canalizando la energ\u00eda universal en el cuerpo. \u00bfC\u00f3mo? Utilizamos nuestras manos para fortalecer la energ\u00eda Ki en el ser del paciente o cliente, especialmente en aquellas zonas que se encuentran en conflicto.<\/p><p>En el trabajo de las dos manos se practica la curaci\u00f3n por un lado y el campo espiritual por el otro.<\/p><p>A medida que se fortalece el campo espiritual, se puede llegar al SATORI o iluminaci\u00f3n, y en este camino podemos encontrar a quienes han dedicado su vida a la pr\u00e1ctica espiritual.<\/p><p>Es una t\u00e9cnica terap\u00e9utica adicional que se puede integrar cuando el proceso de terapia lo requiere y permitimos y acordamos este tratamiento para el desarrollo de objetivos terap\u00e9uticos.<\/p><p>Es una t\u00e9cnica utilizada a nivel mundial, una t\u00e9cnica complementaria aprobada por la Organizaci\u00f3n Mundial de la Salud (conocida como OMS) y utilizada tanto en centros de salud hospitalarios como en diversos lugares.<\/p><p>Les dejar\u00e9 una explicaci\u00f3n de un maestro en un video a continuaci\u00f3n.<\/p><p>Domo Arigatou<\/p>\t\t\t\t\t\t<\/div>\n\t\t\t\t<\/div>\n\t\t\t\t\t<\/div>\n\t\t<\/div>\n\t\t\t\t<div class=\"elementor-column elementor-col-50 elementor-top-column elementor-element elementor-element-2f01be0\" data-id=\"2f01be0\" data-element_type=\"column\">\n\t\t\t<div class=\"elementor-widget-wrap elementor-element-populated\">\n\t\t\t\t\t\t\t\t<div class=\"elementor-element elementor-element-76786b6 elementor-aspect-ratio-169 elementor-widget elementor-widget-video\" data-id=\"76786b6\" data-element_type=\"widget\" data-settings=\"{&quot;youtube_url&quot;:&quot;https:\\\/\\\/www.youtube.com\\\/watch?v=UbueLKN9tJU&amp;ab_channel=KomyoReikiDoUkrainebyViktoriaRomanova&quot;,&quot;video_type&quot;:&quot;youtube&quot;,&quot;controls&quot;:&quot;yes&quot;,&quot;aspect_ratio&quot;:&quot;169&quot;}\" data-widget_type=\"video.default\">\n\t\t\t\t<div class=\"elementor-widget-container\">\n\t\t\t<style>\/*! elementor - v3.5.6 - 28-02-2022 *\/\n.elementor-widget-video .elementor-widget-container{overflow:hidden;-webkit-transform:translateZ(0);transform:translateZ(0)}.elementor-widget-video .elementor-open-inline .elementor-custom-embed-image-overlay{position:absolute;top:0;left:0;width:100%;height:100%;-webkit-background-size:cover;background-size:cover;background-position:50%}.elementor-widget-video .elementor-custom-embed-image-overlay{cursor:pointer;text-align:center}.elementor-widget-video .elementor-custom-embed-image-overlay:hover .elementor-custom-embed-play i{opacity:1}.elementor-widget-video .elementor-custom-embed-image-overlay img{display:block;width:100%}.elementor-widget-video .e-hosted-video .elementor-video{-o-object-fit:cover;object-fit:cover}<\/style>\t\t<div class=\"elementor-wrapper elementor-fit-aspect-ratio elementor-open-inline\">\n\t\t\t<div class=\"elementor-video\"><\/div>\t\t<\/div>\n\t\t\t\t<\/div>\n\t\t\t\t<\/div>\n\t\t\t\t\t<\/div>\n\t\t<\/div>\n\t\t\t\t\t\t\t<\/div>\n\t\t<\/section>\n\t\t\t\t\t\t<\/div>\n\t\t\t\t\t<\/div>\n\t\t","protected":false},"excerpt":{"rendered":"<p>Terapia Reiki con terapeuta Gestalt Tratamiento m\u00e9dico no invasivo, procedente de Jap\u00f3n y por MIKAO USUI REIKI RYOHO La defini\u00f3 como Energ\u00eda Universal. REI (universal) \u2013 KI (energ\u00eda) De hecho, 2022 marca 100 a\u00f1os desde el desarrollo de este sistema por parte de Mikao Usui. REIKI es un trabajo energ\u00e9tico realizado a trav\u00e9s del cuerpo. &hellip;<\/p>\n<p class=\"read-more\"> <a class=\"ast-button\" href=\"https:\/\/saiatuz.eus\/es\/usui-reiki-ryoho\/\"> <span class=\"screen-reader-text\">Usui REIKI Ryoho<\/span> Irakurri gehiago \u00bb<\/a><\/p>\n","protected":false},"author":1,"featured_media":0,"parent":0,"menu_order":0,"comment_status":"closed","ping_status":"closed","template":"","meta":{"site-sidebar-layout":"no-sidebar","site-content-layout":"page-builder","ast-main-header-display":"","ast-hfb-above-header-display":"","ast-hfb-below-header-display":"","ast-hfb-mobile-header-display":"","site-post-title":"disabled","ast-breadcrumbs-content":"","ast-featured-img":"disabled","footer-sml-layout":"","theme-transparent-header-meta":"disabled","adv-header-id-meta":"","stick-header-meta":"","header-above-stick-meta":"","header-main-stick-meta":"","header-below-stick-meta":"","_joinchat":[]},"yoast_head":"<!-- This site is optimized with the Yoast SEO plugin v19.3 - https:\/\/yoast.com\/wordpress\/plugins\/seo\/ -->\n<title>Saiatuz Psikologia - Terapia Reiki en Ordizia, Gipuzkoa<\/title>\n<meta name=\"description\" content=\"Terapia energ\u00e9tica Reiki en Saiatuz. Terapia natural para la sanaci\u00f3n emocional, mental y espiritual. Para tu bienestar f\u00edsico y mental.\" \/>\n<meta name=\"robots\" content=\"index, follow, max-snippet:-1, max-image-preview:large, max-video-preview:-1\" \/>\n<link rel=\"canonical\" href=\"https:\/\/saiatuz.eus\/es\/usui-reiki-ryoho\/\" \/>\n<meta property=\"og:locale\" content=\"es_ES\" \/>\n<meta property=\"og:type\" content=\"article\" \/>\n<meta property=\"og:title\" content=\"Saiatuz Psikologia - Terapia Reiki en Ordizia, Gipuzkoa\" \/>\n<meta property=\"og:description\" content=\"Terapia energ\u00e9tica Reiki en Saiatuz. Terapia natural para la sanaci\u00f3n emocional, mental y espiritual. Para tu bienestar f\u00edsico y mental.\" \/>\n<meta property=\"og:url\" content=\"https:\/\/saiatuz.eus\/es\/usui-reiki-ryoho\/\" \/>\n<meta property=\"og:site_name\" content=\"Saiatuz Psikologia\" \/>\n<meta property=\"article:modified_time\" content=\"2025-05-13T12:48:34+00:00\" \/>\n<meta name=\"twitter:card\" content=\"summary_large_image\" \/>\n<meta name=\"twitter:site\" content=\"@SaiatuzP\" \/>\n<meta name=\"twitter:label1\" content=\"Tiempo de lectura\" \/>\n\t<meta name=\"twitter:data1\" content=\"2 minutos\" \/>\n<script type=\"application\/ld+json\" class=\"yoast-schema-graph\">{\"@context\":\"https:\/\/schema.org\",\"@graph\":[{\"@type\":\"Organization\",\"@id\":\"https:\/\/saiatuz.eus\/#organization\",\"name\":\"Saiatuz Psikoterapia\",\"url\":\"https:\/\/saiatuz.eus\/\",\"sameAs\":[\"https:\/\/www.instagram.com\/saiatuzpsikologia\/\",\"https:\/\/twitter.com\/SaiatuzP\"],\"logo\":{\"@type\":\"ImageObject\",\"inLanguage\":\"es\",\"@id\":\"https:\/\/saiatuz.eus\/#\/schema\/logo\/image\/\",\"url\":\"https:\/\/saiatuz.eus\/wp-content\/uploads\/2022\/04\/Saiatuz3_kolore.jpg\",\"contentUrl\":\"https:\/\/saiatuz.eus\/wp-content\/uploads\/2022\/04\/Saiatuz3_kolore.jpg\",\"width\":2160,\"height\":1098,\"caption\":\"Saiatuz Psikoterapia\"},\"image\":{\"@id\":\"https:\/\/saiatuz.eus\/#\/schema\/logo\/image\/\"}},{\"@type\":\"WebSite\",\"@id\":\"https:\/\/saiatuz.eus\/#website\",\"url\":\"https:\/\/saiatuz.eus\/\",\"name\":\"Saiatuz Psikologia\",\"description\":\"\",\"publisher\":{\"@id\":\"https:\/\/saiatuz.eus\/#organization\"},\"potentialAction\":[{\"@type\":\"SearchAction\",\"target\":{\"@type\":\"EntryPoint\",\"urlTemplate\":\"https:\/\/saiatuz.eus\/?s={search_term_string}\"},\"query-input\":\"required name=search_term_string\"}],\"inLanguage\":\"es\"},{\"@type\":\"WebPage\",\"@id\":\"https:\/\/saiatuz.eus\/es\/usui-reiki-ryoho\/\",\"url\":\"https:\/\/saiatuz.eus\/es\/usui-reiki-ryoho\/\",\"name\":\"Saiatuz Psikologia - Terapia Reiki en Ordizia, Gipuzkoa\",\"isPartOf\":{\"@id\":\"https:\/\/saiatuz.eus\/#website\"},\"datePublished\":\"2022-05-31T07:29:04+00:00\",\"dateModified\":\"2025-05-13T12:48:34+00:00\",\"description\":\"Terapia energ\u00e9tica Reiki en Saiatuz. Terapia natural para la sanaci\u00f3n emocional, mental y espiritual. Para tu bienestar f\u00edsico y mental.\",\"breadcrumb\":{\"@id\":\"https:\/\/saiatuz.eus\/es\/usui-reiki-ryoho\/#breadcrumb\"},\"inLanguage\":\"es\",\"potentialAction\":[{\"@type\":\"ReadAction\",\"target\":[\"https:\/\/saiatuz.eus\/es\/usui-reiki-ryoho\/\"]}]},{\"@type\":\"BreadcrumbList\",\"@id\":\"https:\/\/saiatuz.eus\/es\/usui-reiki-ryoho\/#breadcrumb\",\"itemListElement\":[{\"@type\":\"ListItem\",\"position\":1,\"name\":\"Home\",\"item\":\"https:\/\/saiatuz.eus\/es\/\"},{\"@type\":\"ListItem\",\"position\":2,\"name\":\"Usui REIKI Ryoho\"}]}]}<\/script>\n<!-- \/ Yoast SEO plugin. -->","yoast_head_json":{"title":"Saiatuz Psikologia - Terapia Reiki en Ordizia, Gipuzkoa","description":"Terapia energ\u00e9tica Reiki en Saiatuz. Terapia natural para la sanaci\u00f3n emocional, mental y espiritual. Para tu bienestar f\u00edsico y mental.","robots":{"index":"index","follow":"follow","max-snippet":"max-snippet:-1","max-image-preview":"max-image-preview:large","max-video-preview":"max-video-preview:-1"},"canonical":"https:\/\/saiatuz.eus\/es\/usui-reiki-ryoho\/","og_locale":"es_ES","og_type":"article","og_title":"Saiatuz Psikologia - Terapia Reiki en Ordizia, Gipuzkoa","og_description":"Terapia energ\u00e9tica Reiki en Saiatuz. Terapia natural para la sanaci\u00f3n emocional, mental y espiritual. Para tu bienestar f\u00edsico y mental.","og_url":"https:\/\/saiatuz.eus\/es\/usui-reiki-ryoho\/","og_site_name":"Saiatuz Psikologia","article_modified_time":"2025-05-13T12:48:34+00:00","twitter_card":"summary_large_image","twitter_site":"@SaiatuzP","twitter_misc":{"Tiempo de lectura":"2 minutos"},"schema":{"@context":"https:\/\/schema.org","@graph":[{"@type":"Organization","@id":"https:\/\/saiatuz.eus\/#organization","name":"Saiatuz Psikoterapia","url":"https:\/\/saiatuz.eus\/","sameAs":["https:\/\/www.instagram.com\/saiatuzpsikologia\/","https:\/\/twitter.com\/SaiatuzP"],"logo":{"@type":"ImageObject","inLanguage":"es","@id":"https:\/\/saiatuz.eus\/#\/schema\/logo\/image\/","url":"https:\/\/saiatuz.eus\/wp-content\/uploads\/2022\/04\/Saiatuz3_kolore.jpg","contentUrl":"https:\/\/saiatuz.eus\/wp-content\/uploads\/2022\/04\/Saiatuz3_kolore.jpg","width":2160,"height":1098,"caption":"Saiatuz Psikoterapia"},"image":{"@id":"https:\/\/saiatuz.eus\/#\/schema\/logo\/image\/"}},{"@type":"WebSite","@id":"https:\/\/saiatuz.eus\/#website","url":"https:\/\/saiatuz.eus\/","name":"Saiatuz Psikologia","description":"","publisher":{"@id":"https:\/\/saiatuz.eus\/#organization"},"potentialAction":[{"@type":"SearchAction","target":{"@type":"EntryPoint","urlTemplate":"https:\/\/saiatuz.eus\/?s={search_term_string}"},"query-input":"required name=search_term_string"}],"inLanguage":"es"},{"@type":"WebPage","@id":"https:\/\/saiatuz.eus\/es\/usui-reiki-ryoho\/","url":"https:\/\/saiatuz.eus\/es\/usui-reiki-ryoho\/","name":"Saiatuz Psikologia - Terapia Reiki en Ordizia, Gipuzkoa","isPartOf":{"@id":"https:\/\/saiatuz.eus\/#website"},"datePublished":"2022-05-31T07:29:04+00:00","dateModified":"2025-05-13T12:48:34+00:00","description":"Terapia energ\u00e9tica Reiki en Saiatuz. Terapia natural para la sanaci\u00f3n emocional, mental y espiritual. Para tu bienestar f\u00edsico y mental.","breadcrumb":{"@id":"https:\/\/saiatuz.eus\/es\/usui-reiki-ryoho\/#breadcrumb"},"inLanguage":"es","potentialAction":[{"@type":"ReadAction","target":["https:\/\/saiatuz.eus\/es\/usui-reiki-ryoho\/"]}]},{"@type":"BreadcrumbList","@id":"https:\/\/saiatuz.eus\/es\/usui-reiki-ryoho\/#breadcrumb","itemListElement":[{"@type":"ListItem","position":1,"name":"Home","item":"https:\/\/saiatuz.eus\/es\/"},{"@type":"ListItem","position":2,"name":"Usui REIKI Ryoho"}]}]}},"_links":{"self":[{"href":"https:\/\/saiatuz.eus\/es\/wp-json\/wp\/v2\/pages\/1014"}],"collection":[{"href":"https:\/\/saiatuz.eus\/es\/wp-json\/wp\/v2\/pages"}],"about":[{"href":"https:\/\/saiatuz.eus\/es\/wp-json\/wp\/v2\/types\/page"}],"author":[{"embeddable":true,"href":"https:\/\/saiatuz.eus\/es\/wp-json\/wp\/v2\/users\/1"}],"replies":[{"embeddable":true,"href":"https:\/\/saiatuz.eus\/es\/wp-json\/wp\/v2\/comments?post=1014"}],"version-history":[{"count":21,"href":"https:\/\/saiatuz.eus\/es\/wp-json\/wp\/v2\/pages\/1014\/revisions"}],"predecessor-version":[{"id":1242,"href":"https:\/\/saiatuz.eus\/es\/wp-json\/wp\/v2\/pages\/1014\/revisions\/1242"}],"wp:attachment":[{"href":"https:\/\/saiatuz.eus\/es\/wp-json\/wp\/v2\/media?parent=1014"}],"curies":[{"name":"wp","href":"https:\/\/api.w.org\/{rel}","templated":true}]}}