{"id":546,"date":"2022-06-24T13:40:45","date_gmt":"2022-06-24T11:40:45","guid":{"rendered":"https:\/\/saiatuz.eus\/politica-de-privacidad\/"},"modified":"2023-03-30T16:33:41","modified_gmt":"2023-03-30T14:33:41","slug":"politica-de-privacidad","status":"publish","type":"page","link":"https:\/\/saiatuz.eus\/es\/politica-de-privacidad\/","title":{"rendered":"Pol\u00edtica de privacidad"},"content":{"rendered":"<h2>Responsable del tratamiento<\/h2>\n<p>Saioa Otegi Apaolaza (en adelante, Saiatuz Psikologia)<br \/>\n<b>Centro Sanitario: 20C.2.2.9692. N\u00ba colegiada: GZ01900. RPS: 229\/19<\/b><br \/>\nGaragartza 8, 1C, 20240 Ordizia (Gipuzkoa)<br \/>\nDatos de contacto de la persona delegada de protecci\u00f3n de datos: Saioa Otegi Apaolaza<\/p>\n<h2>\u00bfQu\u00e9 datos tratamos y durante cu\u00e1nto tiempo?<\/h2>\n<p>Saiatuz Psikologia tratar\u00e1 estos datos:<\/p>\n<ol>\n<li>Los datos de car\u00e1cter personal facilitados, en general; identificativos, caracter\u00edsticas personales, y de contacto electr\u00f3nico, en particular.<\/li>\n<li>Los datos autorizados en caso de registro por medio del login de redes sociales.<\/li>\n<li>Datos derivados de la relaci\u00f3n comercial con Saiatuz Psikologia, esto es, los procedentes del uso de los distintos servicios;<\/li>\n<li>En su caso, aquellos que se faciliten en el proceso de compra o contrataci\u00f3n, en general; los obtenidos por el uso de la tarjeta (medio de pago y\/o fidelizaci\u00f3n), as\u00ed como las compras asociadas a la misma y datos para efectuar\/ autorizar el pago y facturar los productos y servicios, en particular.<\/li>\n<li>Los resultantes de procesos inform\u00e1ticos (h\u00e1bitos de navegaci\u00f3n o uso del sitio web), direcci\u00f3n IP e informaci\u00f3n recopilada a trav\u00e9s de cookies, etiquetas de p\u00edxel y otras tecnolog\u00edas.<\/li>\n<li>Aquellos que Saiatuz Psikologia pueda inferir a partir de datos l\u00edcitamente obtenidos.<\/li>\n<\/ol>\n<p>Saiatuz Psikologia tratar\u00e1 y almacenar\u00e1 los datos mientras la persona usuaria est\u00e9 activa en el sitio web y sea cliente, as\u00ed como durante el plazo de prescripci\u00f3n de obligaciones legales, que pudieran nacer de posibles responsabilidades vinculadas al tratamiento de los datos de cliente.<\/p>\n<h2>\u00bfQu\u00e9 consiente la persona usuaria cuando facilita sus datos?<\/h2>\n<p>Saiatuz Psikologia, propietaria del sitio web, almacenar\u00e1 en un fichero los datos de car\u00e1cter personal necesarios, enumerados en el apartado precedente, con la finalidad de:<\/p>\n<ol>\n<li>Prestar el servicio demandado por la persona usuaria y que ofrece este sitio web, mantenerlo y mejorarlo.<\/li>\n<li>Ofrecer promociones ligadas a la condici\u00f3n de cliente\/a, a trav\u00e9s de medios de comunicaci\u00f3n electr\u00f3nica o no, referentes a productos o servicios del sector donde esta desarrolla su actividad. La persona usuaria puede oponerse al tratamiento de sus datos con fines promocionales y a la recepci\u00f3n de este tipo de env\u00edos, en el proceso de registro o en un momento posterior, siguiendo el procedimiento para el ejercicio de derechos descrito en el apartado 4.<\/li>\n<\/ol>\n<h2>\u00bfPuede la persona usuaria oponerse a recibir comunicaciones comerciales o al tratamiento con fines promocionales?<\/h2>\n<p>La persona usuaria puede oponerse en cualquier momento a recibir comunicaciones y al tratamiento de sus datos para fines comerciales y promocionales, escribi\u00e9ndonos a la direcci\u00f3n info@saiatuz.eus, llamando al tel\u00e9fono 943880851 o enviando un escrito a la siguiente direcci\u00f3n: Garagartza 8, 1C, 20240 Ordizia (Gipuzkoa) .<\/p>\n<h2>\u00bfLos datos son comunicados a terceros?<\/h2>\n<ul>\n<li><b>Administraci\u00f3n p\u00fablica, juzgados y tribunales<br \/>\n<\/b>Si las autoridades gubernamentales, tales como los cuerpos de seguridad del estado, jueces y\/o tribunales, solicitan o requieren informaci\u00f3n o si es necesario presentarla para cumplir alguna Ley, Saiatuz Psikologia comunicar\u00e1 a dichos terceros los datos que estos formalmente soliciten.<\/li>\n<\/ul>\n<h2>\u00bfC\u00f3mo puede ejercer sus derechos de revocaci\u00f3n, acceso, supresi\u00f3n, oposici\u00f3n, rectificaci\u00f3n, limitaci\u00f3n, portabilidad la persona usuaria?<\/h2>\n<p>Toda persona usuaria podr\u00e1 ejercitar los derechos de acceso, rectificaci\u00f3n, supresi\u00f3n, revocar su consentimiento, oponerse a su tratamiento, limitar el mismo y\/o solicitar la portabilidad de sus datos, a trav\u00e9s de los siguientes medios: mediante el correo electr\u00f3nico info@saiatuz.eus, por tel\u00e9fono (943880851) o enviando un escrito a la siguiente direcci\u00f3n postal: Garagartza 8, 1C, 20240 Ordizia (Gipuzkoa)<\/p>\n<h2>Medidas de seguridad y confidencialidad de la informaci\u00f3n<\/h2>\n<p>Saiatuz Psikologia ha adoptado las medidas oportunas de seguridad en sus instalaciones, sistemas y ficheros. Ha establecido todos los medios t\u00e9cnicos a su alcance para evitar la p\u00e9rdida, mal uso, alteraci\u00f3n, acceso no autorizado y robo de los datos que la persona usuaria facilite, velando as\u00ed por su integridad, disponibilidad y confidencialidad.<\/p>\n<h2>Cambios en la pol\u00edtica de privacidad<\/h2>\n<p>Saiatuz Psikologia cumple escrupulosamente con las leyes aplicables a la protecci\u00f3n de datos y la privacidad de las personas usuarias. Para ello, se reserva el derecho a modificar unilateralmente, en cualquier momento y sin aviso previo, las condiciones de la presente pol\u00edtica de protecci\u00f3n de datos para adecuarla a cualquier cambio normativo o a cualquier modificaci\u00f3n en la presentaci\u00f3n y configuraci\u00f3n del sitio web.<\/p>\n","protected":false},"excerpt":{"rendered":"<p>Responsable del tratamiento Saioa Otegi Apaolaza (en adelante, Saiatuz Psikologia) Centro Sanitario: 20C.2.2.9692. N\u00ba colegiada: GZ01900. RPS: 229\/19 Garagartza 8, 1C, 20240 Ordizia (Gipuzkoa) Datos de contacto de la persona delegada de protecci\u00f3n de datos: Saioa Otegi Apaolaza \u00bfQu\u00e9 datos tratamos y durante cu\u00e1nto tiempo? Saiatuz Psikologia tratar\u00e1 estos datos: Los datos de car\u00e1cter personal &hellip;<\/p>\n<p class=\"read-more\"> <a class=\"ast-button\" href=\"https:\/\/saiatuz.eus\/es\/politica-de-privacidad\/\"> <span class=\"screen-reader-text\">Pol\u00edtica de privacidad<\/span> Irakurri gehiago \u00bb<\/a><\/p>\n","protected":false},"author":1,"featured_media":0,"parent":0,"menu_order":0,"comment_status":"closed","ping_status":"closed","template":"","meta":{"site-sidebar-layout":"default","site-content-layout":"default","ast-main-header-display":"","ast-hfb-above-header-display":"","ast-hfb-below-header-display":"","ast-hfb-mobile-header-display":"","site-post-title":"","ast-breadcrumbs-content":"","ast-featured-img":"","footer-sml-layout":"","theme-transparent-header-meta":"disabled","adv-header-id-meta":"","stick-header-meta":"","header-above-stick-meta":"","header-main-stick-meta":"","header-below-stick-meta":"","_joinchat":[]},"yoast_head":"<!-- This site is optimized with the Yoast SEO plugin v19.3 - https:\/\/yoast.com\/wordpress\/plugins\/seo\/ -->\n<title>Pol\u00edtica de privacidad &bull; Saiatuz Psikologia<\/title>\n<meta name=\"robots\" content=\"noindex, nofollow\" \/>\n<meta property=\"og:locale\" content=\"es_ES\" \/>\n<meta property=\"og:type\" content=\"article\" \/>\n<meta property=\"og:title\" content=\"Pol\u00edtica de privacidad &bull; Saiatuz Psikologia\" \/>\n<meta property=\"og:description\" content=\"Responsable del tratamiento Saioa Otegi Apaolaza (en adelante, Saiatuz Psikologia) Centro Sanitario: 20C.2.2.9692. N\u00ba colegiada: GZ01900. RPS: 229\/19 Garagartza 8, 1C, 20240 Ordizia (Gipuzkoa) Datos de contacto de la persona delegada de protecci\u00f3n de datos: Saioa Otegi Apaolaza \u00bfQu\u00e9 datos tratamos y durante cu\u00e1nto tiempo? Saiatuz Psikologia tratar\u00e1 estos datos: Los datos de car\u00e1cter personal &hellip; Pol\u00edtica de privacidad Irakurri gehiago \u00bb\" \/>\n<meta property=\"og:url\" content=\"https:\/\/saiatuz.eus\/es\/politica-de-privacidad\/\" \/>\n<meta property=\"og:site_name\" content=\"Saiatuz Psikologia\" \/>\n<meta property=\"article:modified_time\" content=\"2023-03-30T14:33:41+00:00\" \/>\n<meta name=\"twitter:card\" content=\"summary_large_image\" \/>\n<meta name=\"twitter:site\" content=\"@SaiatuzP\" \/>\n<meta name=\"twitter:label1\" content=\"Tiempo de lectura\" \/>\n\t<meta name=\"twitter:data1\" content=\"4 minutos\" \/>\n<script type=\"application\/ld+json\" class=\"yoast-schema-graph\">{\"@context\":\"https:\/\/schema.org\",\"@graph\":[{\"@type\":\"Organization\",\"@id\":\"https:\/\/saiatuz.eus\/#organization\",\"name\":\"Saiatuz Psikoterapia\",\"url\":\"https:\/\/saiatuz.eus\/\",\"sameAs\":[\"https:\/\/www.instagram.com\/saiatuzpsikologia\/\",\"https:\/\/twitter.com\/SaiatuzP\"],\"logo\":{\"@type\":\"ImageObject\",\"inLanguage\":\"es\",\"@id\":\"https:\/\/saiatuz.eus\/#\/schema\/logo\/image\/\",\"url\":\"https:\/\/saiatuz.eus\/wp-content\/uploads\/2022\/04\/Saiatuz3_kolore.jpg\",\"contentUrl\":\"https:\/\/saiatuz.eus\/wp-content\/uploads\/2022\/04\/Saiatuz3_kolore.jpg\",\"width\":2160,\"height\":1098,\"caption\":\"Saiatuz Psikoterapia\"},\"image\":{\"@id\":\"https:\/\/saiatuz.eus\/#\/schema\/logo\/image\/\"}},{\"@type\":\"WebSite\",\"@id\":\"https:\/\/saiatuz.eus\/#website\",\"url\":\"https:\/\/saiatuz.eus\/\",\"name\":\"Saiatuz Psikologia\",\"description\":\"\",\"publisher\":{\"@id\":\"https:\/\/saiatuz.eus\/#organization\"},\"potentialAction\":[{\"@type\":\"SearchAction\",\"target\":{\"@type\":\"EntryPoint\",\"urlTemplate\":\"https:\/\/saiatuz.eus\/?s={search_term_string}\"},\"query-input\":\"required name=search_term_string\"}],\"inLanguage\":\"es\"},{\"@type\":\"WebPage\",\"@id\":\"https:\/\/saiatuz.eus\/es\/politica-de-privacidad\/\",\"url\":\"https:\/\/saiatuz.eus\/es\/politica-de-privacidad\/\",\"name\":\"Pol\u00edtica de privacidad &bull; Saiatuz Psikologia\",\"isPartOf\":{\"@id\":\"https:\/\/saiatuz.eus\/#website\"},\"datePublished\":\"2022-06-24T11:40:45+00:00\",\"dateModified\":\"2023-03-30T14:33:41+00:00\",\"breadcrumb\":{\"@id\":\"https:\/\/saiatuz.eus\/es\/politica-de-privacidad\/#breadcrumb\"},\"inLanguage\":\"es\",\"potentialAction\":[{\"@type\":\"ReadAction\",\"target\":[\"https:\/\/saiatuz.eus\/es\/politica-de-privacidad\/\"]}]},{\"@type\":\"BreadcrumbList\",\"@id\":\"https:\/\/saiatuz.eus\/es\/politica-de-privacidad\/#breadcrumb\",\"itemListElement\":[{\"@type\":\"ListItem\",\"position\":1,\"name\":\"Home\",\"item\":\"https:\/\/saiatuz.eus\/es\/\"},{\"@type\":\"ListItem\",\"position\":2,\"name\":\"Pol\u00edtica de privacidad\"}]}]}<\/script>\n<!-- \/ Yoast SEO plugin. -->","yoast_head_json":{"title":"Pol\u00edtica de privacidad &bull; Saiatuz Psikologia","robots":{"index":"noindex","follow":"nofollow"},"og_locale":"es_ES","og_type":"article","og_title":"Pol\u00edtica de privacidad &bull; Saiatuz Psikologia","og_description":"Responsable del tratamiento Saioa Otegi Apaolaza (en adelante, Saiatuz Psikologia) Centro Sanitario: 20C.2.2.9692. N\u00ba colegiada: GZ01900. RPS: 229\/19 Garagartza 8, 1C, 20240 Ordizia (Gipuzkoa) Datos de contacto de la persona delegada de protecci\u00f3n de datos: Saioa Otegi Apaolaza \u00bfQu\u00e9 datos tratamos y durante cu\u00e1nto tiempo? Saiatuz Psikologia tratar\u00e1 estos datos: Los datos de car\u00e1cter personal &hellip; Pol\u00edtica de privacidad Irakurri gehiago \u00bb","og_url":"https:\/\/saiatuz.eus\/es\/politica-de-privacidad\/","og_site_name":"Saiatuz Psikologia","article_modified_time":"2023-03-30T14:33:41+00:00","twitter_card":"summary_large_image","twitter_site":"@SaiatuzP","twitter_misc":{"Tiempo de lectura":"4 minutos"},"schema":{"@context":"https:\/\/schema.org","@graph":[{"@type":"Organization","@id":"https:\/\/saiatuz.eus\/#organization","name":"Saiatuz Psikoterapia","url":"https:\/\/saiatuz.eus\/","sameAs":["https:\/\/www.instagram.com\/saiatuzpsikologia\/","https:\/\/twitter.com\/SaiatuzP"],"logo":{"@type":"ImageObject","inLanguage":"es","@id":"https:\/\/saiatuz.eus\/#\/schema\/logo\/image\/","url":"https:\/\/saiatuz.eus\/wp-content\/uploads\/2022\/04\/Saiatuz3_kolore.jpg","contentUrl":"https:\/\/saiatuz.eus\/wp-content\/uploads\/2022\/04\/Saiatuz3_kolore.jpg","width":2160,"height":1098,"caption":"Saiatuz Psikoterapia"},"image":{"@id":"https:\/\/saiatuz.eus\/#\/schema\/logo\/image\/"}},{"@type":"WebSite","@id":"https:\/\/saiatuz.eus\/#website","url":"https:\/\/saiatuz.eus\/","name":"Saiatuz Psikologia","description":"","publisher":{"@id":"https:\/\/saiatuz.eus\/#organization"},"potentialAction":[{"@type":"SearchAction","target":{"@type":"EntryPoint","urlTemplate":"https:\/\/saiatuz.eus\/?s={search_term_string}"},"query-input":"required name=search_term_string"}],"inLanguage":"es"},{"@type":"WebPage","@id":"https:\/\/saiatuz.eus\/es\/politica-de-privacidad\/","url":"https:\/\/saiatuz.eus\/es\/politica-de-privacidad\/","name":"Pol\u00edtica de privacidad &bull; Saiatuz Psikologia","isPartOf":{"@id":"https:\/\/saiatuz.eus\/#website"},"datePublished":"2022-06-24T11:40:45+00:00","dateModified":"2023-03-30T14:33:41+00:00","breadcrumb":{"@id":"https:\/\/saiatuz.eus\/es\/politica-de-privacidad\/#breadcrumb"},"inLanguage":"es","potentialAction":[{"@type":"ReadAction","target":["https:\/\/saiatuz.eus\/es\/politica-de-privacidad\/"]}]},{"@type":"BreadcrumbList","@id":"https:\/\/saiatuz.eus\/es\/politica-de-privacidad\/#breadcrumb","itemListElement":[{"@type":"ListItem","position":1,"name":"Home","item":"https:\/\/saiatuz.eus\/es\/"},{"@type":"ListItem","position":2,"name":"Pol\u00edtica de privacidad"}]}]}},"_links":{"self":[{"href":"https:\/\/saiatuz.eus\/es\/wp-json\/wp\/v2\/pages\/546"}],"collection":[{"href":"https:\/\/saiatuz.eus\/es\/wp-json\/wp\/v2\/pages"}],"about":[{"href":"https:\/\/saiatuz.eus\/es\/wp-json\/wp\/v2\/types\/page"}],"author":[{"embeddable":true,"href":"https:\/\/saiatuz.eus\/es\/wp-json\/wp\/v2\/users\/1"}],"replies":[{"embeddable":true,"href":"https:\/\/saiatuz.eus\/es\/wp-json\/wp\/v2\/comments?post=546"}],"version-history":[{"count":4,"href":"https:\/\/saiatuz.eus\/es\/wp-json\/wp\/v2\/pages\/546\/revisions"}],"predecessor-version":[{"id":1189,"href":"https:\/\/saiatuz.eus\/es\/wp-json\/wp\/v2\/pages\/546\/revisions\/1189"}],"wp:attachment":[{"href":"https:\/\/saiatuz.eus\/es\/wp-json\/wp\/v2\/media?parent=546"}],"curies":[{"name":"wp","href":"https:\/\/api.w.org\/{rel}","templated":true}]}}